{"id":422,"date":"2021-05-25T15:02:31","date_gmt":"2021-05-25T15:02:31","guid":{"rendered":"https:\/\/localhost\/wordpress\/?page_id=422"},"modified":"2022-08-23T20:07:35","modified_gmt":"2022-08-23T20:07:35","slug":"projekt-bolivien","status":"publish","type":"page","link":"https:\/\/ischler-weltladen.at\/?page_id=422","title":{"rendered":"Projekt Bolivien"},"content":{"rendered":"\n<p class=\"has-text-align-right\"><a href=\"javascript:history.back()\">Zur\u00fcck<\/a><\/p>\n\n\n\n<div class=\"wp-block-media-text alignwide is-stacked-on-mobile\" style=\"grid-template-columns:24% auto\"><figure class=\"wp-block-media-text__media\"><img decoding=\"async\" src=\"https:\/\/ischler-weltladen.at\/wp-content\/uploads\/2021\/08\/projekt-bolivien-spiessberger.jpg\" alt=\"\" class=\"wp-image-21 size-full\"\/><\/figure><div class=\"wp-block-media-text__content\">\n<p><strong><span style=\"color:#663333\" class=\"has-inline-color\">Franziskanerpater Alfred Spiessberger<\/span><\/strong><br>Der seit 33 Jahren in Ostbolivien wirkende Pater bittet um Ihre Mithilfe.<\/p>\n\n\n\n<p><strong><span style=\"color:#663333\" class=\"has-inline-color\">Folgende Projekte k\u00f6nnen unterst\u00fctzt werden:<\/span><\/strong><\/p>\n\n\n\n<ul class=\"wp-block-list\"><li>2 Kinderd\u00f6rfer eines in San Jos\u00e9 de Chiquitos und eines in Sant Cruz.<\/li><li>Insgesamt 23 Familienh\u00e4user und 2 Gemeindeh\u00e4user, dazugeh\u00f6rend 3 Jugendh\u00e4user.<\/li><li>1 Schule, 1 Kindergarten und Kinderhort (f\u00fcr ca. 80 Kinder), sowie einer jeweilig abgeschlossenen Krankenstation. Nutzen f\u00fcr dzt. 400 Kindern und Jugendlichen, sowie der allgemeinen Bev\u00f6lkerung in diesem Raum.<\/li><li>Dazugeh\u00f6rend noch 2 Kapellen und ein Zentralb\u00fcro f\u00fcr die Kinderd\u00f6rfer.<\/li><\/ul>\n<\/div><\/div>\n\n\n\n<p><span style=\"color:#663333\" class=\"has-inline-color\"><strong>Gr\u00fcndung einer Wohngemeinschaft f\u00fcr hinausgewachsene Kinderd\u00f6rfler.<br>Ziel:<\/strong><\/span><br>Mit Spenden aus Europa einen Grundstock legen f\u00fcr den Erwerb einer bescheidenen Wohnung f\u00fcr erwachsen gewordene Kinderd\u00f6rfler.<br>Kosten f\u00fcr ein Einfamilienhaus (ca. 34m\u00b2) ca. 4000 USD. Ein zusammengebautes Haus f\u00fcr 2 Familien ca. 7000 USD. Dieser Betrag wird von den Mietern in Monatsraten an die Wohngemeinschaft r\u00fcckbezahlt du aus diesen R\u00fcckzahlungen werden wieder neu H\u00e4uschen gebaut.<\/p>\n\n\n\n<p><br><strong><span style=\"color:#663333\" class=\"has-inline-color\">Bau einer neuen Volksschule<\/span><\/strong> bei der entstandenen Wohngemeinschaft. Platz f\u00fcr 200 Kinder. Nicht nur f\u00fcr Kinder der Wohngemeinschaft, sondern auch f\u00fcr die angrenzende Umgebung.<br>Einweihung Juli 1998. Die Lehrerinnen und Lehrer werden aus der Missionshilfe teils mitfinanziert. Streiks werden anders als bei den rein staatlich finanzierten Schulen seltener, da die LehrerInnen eine etwas bessere Entlohnung haben.<\/p>\n\n\n\n<p><br><strong><span style=\"color:#663333\" class=\"has-inline-color\">Projekt: Mutter-Kind Zentrum \u201eMadre Maria\u201c<\/span><\/strong><br>Geplant f\u00fcr ca. 50 alleinstehende M\u00fctter in Not. Die Erhaltung wird ebenfalls aus der Missionshilfe Pater Alfred mitfinanziert. Dieses Werk soll zum Ziel haben, verzweifelten und in Not geratenen M\u00fcttern zu helfen. Ihnen als M\u00fctter eine kleine Ausbildung zu geben und f\u00fcr sp\u00e4tere Selbst\u00e4ndigkeit einen Grundstock f\u00fcr weitere Fortbildung zu legen.<\/p>\n\n\n\n<p><br><span style=\"color:#663333\" class=\"has-inline-color\"><strong>Pateneltern f\u00fcr Kinder gesucht:<\/strong><\/span><br>Helfen sie mit, das \u00dcberleben dieser Kinderd\u00f6rfer zu sichern! Mit einer monatlichen Patenspende von \u20ac 21,8 sichern Sie dieses. Die Monatlichen Kosten f\u00fcr ein Kind betragen ca. \u20ac 87.<br>Bitte rufen Sie uns an und informieren sich. Die Kinder werden es Ihnen mit einem Briefchen danken. Auch den Ziehm\u00fcttern dieser Kinder helfen Sie durch Ihre Bereitschaft mitzuhelfen. Sie geben Ihnen die Kraft zusammen f\u00fcr die Kinder dazusein.<\/p>\n\n\n\n<p><br><strong><span style=\"color:#663333\" class=\"has-inline-color\">Spenden:<\/span><\/strong><br>Missionshilfe P. Alfred<br>Raika 4813 Altm\u00fcnser<br>BLZ.: 34670, Kto Nr.:1925551<br><br><strong><span style=\"color:#663333\" class=\"has-inline-color\">Kontaktfamilie f\u00fcr n\u00e4here Ausk\u00fcnfte:<\/span><\/strong><br>Fam. Plasser,<br>M\u00fcllerstr. 26, Gschwandt<br>Tel.: 07612\/65959<\/p>\n\n\n\n<p class=\"has-text-align-right\"><a href=\"javascript:history.back()\">Zur\u00fcck<\/a><\/p>\n","protected":false},"excerpt":{"rendered":"<p>Zur\u00fcck Franziskanerpater Alfred SpiessbergerDer seit 33 Jahren in Ostbolivien wirkende Pater bittet um Ihre Mithilfe. Folgende Projekte k\u00f6nnen unterst\u00fctzt werden: 2 Kinderd\u00f6rfer eines in San Jos\u00e9 de Chiquitos und eines in Sant Cruz. Insgesamt 23 Familienh\u00e4user und 2 Gemeindeh\u00e4user, dazugeh\u00f6rend 3 Jugendh\u00e4user. 1 Schule, 1 Kindergarten und Kinderhort (f\u00fcr ca. 80 Kinder), sowie einer jeweilig &hellip; <a href=\"https:\/\/ischler-weltladen.at\/?page_id=422\" class=\"more-link\"><span class=\"screen-reader-text\">Projekt Bolivien<\/span> weiterlesen<\/a><\/p>\n","protected":false},"author":2,"featured_media":0,"parent":141,"menu_order":409,"comment_status":"closed","ping_status":"closed","template":"","meta":{"footnotes":""},"class_list":["post-422","page","type-page","status-publish","hentry"],"_links":{"self":[{"href":"https:\/\/ischler-weltladen.at\/index.php?rest_route=\/wp\/v2\/pages\/422","targetHints":{"allow":["GET"]}}],"collection":[{"href":"https:\/\/ischler-weltladen.at\/index.php?rest_route=\/wp\/v2\/pages"}],"about":[{"href":"https:\/\/ischler-weltladen.at\/index.php?rest_route=\/wp\/v2\/types\/page"}],"author":[{"embeddable":true,"href":"https:\/\/ischler-weltladen.at\/index.php?rest_route=\/wp\/v2\/users\/2"}],"replies":[{"embeddable":true,"href":"https:\/\/ischler-weltladen.at\/index.php?rest_route=%2Fwp%2Fv2%2Fcomments&post=422"}],"version-history":[{"count":1,"href":"https:\/\/ischler-weltladen.at\/index.php?rest_route=\/wp\/v2\/pages\/422\/revisions"}],"predecessor-version":[{"id":519,"href":"https:\/\/ischler-weltladen.at\/index.php?rest_route=\/wp\/v2\/pages\/422\/revisions\/519"}],"up":[{"embeddable":true,"href":"https:\/\/ischler-weltladen.at\/index.php?rest_route=\/wp\/v2\/pages\/141"}],"wp:attachment":[{"href":"https:\/\/ischler-weltladen.at\/index.php?rest_route=%2Fwp%2Fv2%2Fmedia&parent=422"}],"curies":[{"name":"wp","href":"https:\/\/api.w.org\/{rel}","templated":true}]}}