{"id":395,"date":"2021-05-25T09:02:11","date_gmt":"2021-05-25T09:02:11","guid":{"rendered":"https:\/\/localhost\/wordpress\/?page_id=395"},"modified":"2022-08-23T20:07:05","modified_gmt":"2022-08-23T20:07:05","slug":"don-bosco","status":"publish","type":"page","link":"https:\/\/ischler-weltladen.at\/?page_id=395","title":{"rendered":"Don Bosco"},"content":{"rendered":"\n<p class=\"has-text-align-right\"><a href=\"javascript:history.back()\">Zur\u00fcck<\/a><\/p>\n\n\n\n<div class=\"wp-block-media-text alignwide is-stacked-on-mobile\" style=\"grid-template-columns:27% auto\"><figure class=\"wp-block-media-text__media\"><img decoding=\"async\" src=\"https:\/\/ischler-weltladen.at\/wp-content\/uploads\/2021\/08\/projekt-don-bosco.jpg\" alt=\"\" class=\"wp-image-23 size-full\"\/><\/figure><div class=\"wp-block-media-text__content\">\n<p><strong><span style=\"color:#663333\" class=\"has-inline-color\">Helfen, damit das Leben junger Menschen gelingt!<\/span><\/strong><\/p>\n\n\n\n<p>Mit diesem Motto der Salesianer Don Boscos identifiziert sich auch der Verein Jugend Eine Welt, der Don Bosco Projekte auf der ganzen Welt unterst\u00fctzt. Mit der finanziellen Hilfe von privaten SpenderInnen und zahlreichen Initiativen, die eine Projektpartnerschaft eingehen, werden dringend ben\u00f6tigte Anschaffungen, aber auch laufende Kosten in den Jugendzentren, Schulen und Ausbildungsprogrammen der Salesianer Don Boscos in Afrika, Asien, Lateinamerika und Osteuropa mitfinanziert.<\/p>\n<\/div><\/div>\n\n\n\n<p>Zus\u00e4tzlich betreibt der Verein, der 1997 gegr\u00fcndet wurde und seinen Sitz im Wiener Don Bosco Haus hat, ein Volontariatsprogramm. Hier werden junge Menschen aus \u00d6sterreich darauf vorbereitet in einem Don Bosco Zentrum, z.B. in Ecuador, Mexiko oder in Ghana mitzuarbeiten. Dieses aktive Zeichen der Solidarit\u00e4t mit benachteiligten Kindern und Jugendlichen kann im Rahmen eines 14monatigen Zivilersatzdienstes oder eines Jahresvolontariats gesetzt werden. Jugend Eine Welt vermittelt auch Eins\u00e4tze im Rahmen des Europ\u00e4ischen Freiwilligendienstes.<\/p>\n\n\n\n<p>In \u00d6sterreich bem\u00fcht sich Jugend Eine Welt durch \u00d6ffentlichkeitsarbeit und Beteiligung an entwicklungspolitschen Kampagnen f\u00fcr eine Kultur der weltumspannenden Solidarit\u00e4t aufzutreten, die sich als christlich gepr\u00e4gte Verantwortung einzelner Menschen, Gruppen und ganzer V\u00f6lker f\u00fcreinander versteht.<\/p>\n\n\n\n<p class=\"has-text-align-right\"><a href=\"javascript:history.back()\">Zur\u00fcck<\/a><\/p>\n","protected":false},"excerpt":{"rendered":"<p>Zur\u00fcck Helfen, damit das Leben junger Menschen gelingt! Mit diesem Motto der Salesianer Don Boscos identifiziert sich auch der Verein Jugend Eine Welt, der Don Bosco Projekte auf der ganzen Welt unterst\u00fctzt. Mit der finanziellen Hilfe von privaten SpenderInnen und zahlreichen Initiativen, die eine Projektpartnerschaft eingehen, werden dringend ben\u00f6tigte Anschaffungen, aber auch laufende Kosten in &hellip; <a href=\"https:\/\/ischler-weltladen.at\/?page_id=395\" class=\"more-link\"><span class=\"screen-reader-text\">Don Bosco<\/span> weiterlesen<\/a><\/p>\n","protected":false},"author":2,"featured_media":0,"parent":141,"menu_order":403,"comment_status":"closed","ping_status":"closed","template":"","meta":{"footnotes":""},"class_list":["post-395","page","type-page","status-publish","hentry"],"_links":{"self":[{"href":"https:\/\/ischler-weltladen.at\/index.php?rest_route=\/wp\/v2\/pages\/395","targetHints":{"allow":["GET"]}}],"collection":[{"href":"https:\/\/ischler-weltladen.at\/index.php?rest_route=\/wp\/v2\/pages"}],"about":[{"href":"https:\/\/ischler-weltladen.at\/index.php?rest_route=\/wp\/v2\/types\/page"}],"author":[{"embeddable":true,"href":"https:\/\/ischler-weltladen.at\/index.php?rest_route=\/wp\/v2\/users\/2"}],"replies":[{"embeddable":true,"href":"https:\/\/ischler-weltladen.at\/index.php?rest_route=%2Fwp%2Fv2%2Fcomments&post=395"}],"version-history":[{"count":1,"href":"https:\/\/ischler-weltladen.at\/index.php?rest_route=\/wp\/v2\/pages\/395\/revisions"}],"predecessor-version":[{"id":513,"href":"https:\/\/ischler-weltladen.at\/index.php?rest_route=\/wp\/v2\/pages\/395\/revisions\/513"}],"up":[{"embeddable":true,"href":"https:\/\/ischler-weltladen.at\/index.php?rest_route=\/wp\/v2\/pages\/141"}],"wp:attachment":[{"href":"https:\/\/ischler-weltladen.at\/index.php?rest_route=%2Fwp%2Fv2%2Fmedia&parent=395"}],"curies":[{"name":"wp","href":"https:\/\/api.w.org\/{rel}","templated":true}]}}