{"id":385,"date":"2021-05-25T08:33:27","date_gmt":"2021-05-25T08:33:27","guid":{"rendered":"https:\/\/localhost\/wordpress\/?page_id=385"},"modified":"2022-08-23T20:06:54","modified_gmt":"2022-08-23T20:06:54","slug":"verein-baobab","status":"publish","type":"page","link":"https:\/\/ischler-weltladen.at\/?page_id=385","title":{"rendered":"Verein Baobab"},"content":{"rendered":"\n<p class=\"has-text-align-right\"><a href=\"javascript:history.back()\">Zur\u00fcck<\/a><\/p>\n\n\n\n<h4 class=\"wp-block-heading\"><span style=\"color:#663333\" class=\"has-inline-color\">Solidarit\u00e4t mit Madagaskar<\/span><\/h4>\n\n\n\n<p style=\"font-size:18px\"><strong><span style=\"color:#663333\" class=\"has-inline-color\">Zweck und Ziel des Vereins<\/span><\/strong><\/p>\n\n\n\n<p>Der Verein, dessen T\u00e4tigkeit nicht auf Gewinn gerichtet ist, bezweckt die F\u00f6rderung von Projekten und Einrichtungen, die in Madagaskar die Lebens-, Produktions-, Handels- und Umweltbedingungen verbessern. Vor allem die \u00e4rmsten Bev\u00f6lkerungsschichten sollen durch Projekte der Sozialarbeit, des Bildungs- und Gesundheitswesens und der landwirtschaftlichen und d\u00f6rflichen Entwicklung unterst\u00fctzt werden.<\/p>\n\n\n\n<p>Wir wollen \u201eHilfe zur Selbsthilfe\u201c leisten, keine neuen Abh\u00e4ngigkeiten aufbauen oder alte aufrechterhalten. Die Projekte werden daher gemeinsam mit Partnern in Madagaskar erarbeitet und ausgef\u00fchrt. Es soll damit gew\u00e4hrleistet werden, dass sie den Verh\u00e4ltnissen im Land angepasst und von den Zielgruppen bestimmt sind.<\/p>\n\n\n\n<p><strong><span style=\"color:#663333\" class=\"has-inline-color\">Folgende Projekte konnten wir mit Spenden bisher finanzieren:<\/span><\/strong><\/p>\n\n\n\n<ul class=\"wp-block-list\"><li> Errichtung von drei Solartrocknungsanlagen zur Haltbarmachung von Fr\u00fcchten und Gem\u00fcse.<\/li><li>Schulbildung f\u00fcr Kinder in mehreren D\u00f6rfern durch Bezahlung der Lehrer.<\/li><li>Finanzierung von Gemeinschaftskocht\u00f6pfen.<\/li><li>Unterst\u00fctzung nach Hochwasserkatastrophen.<\/li><\/ul>\n\n\n\n<p><strong><span style=\"color:#663333\" class=\"has-inline-color\">Unsere Adresse:<\/span><\/strong><\/p>\n\n\n\n<p>Verein Baobab \u2013 Solidarit\u00e4t mit Madagaskar<br><br>Schwarzenbach 16<br>4814 Neukirchen<br>Tel.: 07618\/7176<br>e- Mail: <a href=\"mailto:verein.baobab@gmx.at\"><span style=\"color:#663333\" class=\"has-inline-color\">verein.baobab@gmx.at<\/span><\/a><br><br><span style=\"color:#663333\" class=\"has-inline-color\"><strong>Unsere Bankverbindung:<\/strong><\/span><br><br>Raiffeisenbank Traunsee West<br>BLZ 34670<br>Kto.-Nr.: 1.946.979<\/p>\n\n\n\n<p class=\"has-text-align-right\"><a href=\"javascript:history.back()\">Zur\u00fcck<\/a><\/p>\n","protected":false},"excerpt":{"rendered":"<p>Zur\u00fcck Solidarit\u00e4t mit Madagaskar Zweck und Ziel des Vereins Der Verein, dessen T\u00e4tigkeit nicht auf Gewinn gerichtet ist, bezweckt die F\u00f6rderung von Projekten und Einrichtungen, die in Madagaskar die Lebens-, Produktions-, Handels- und Umweltbedingungen verbessern. Vor allem die \u00e4rmsten Bev\u00f6lkerungsschichten sollen durch Projekte der Sozialarbeit, des Bildungs- und Gesundheitswesens und der landwirtschaftlichen und d\u00f6rflichen Entwicklung &hellip; <a href=\"https:\/\/ischler-weltladen.at\/?page_id=385\" class=\"more-link\"><span class=\"screen-reader-text\">Verein Baobab<\/span> weiterlesen<\/a><\/p>\n","protected":false},"author":2,"featured_media":0,"parent":141,"menu_order":401,"comment_status":"closed","ping_status":"closed","template":"","meta":{"footnotes":""},"class_list":["post-385","page","type-page","status-publish","hentry"],"_links":{"self":[{"href":"https:\/\/ischler-weltladen.at\/index.php?rest_route=\/wp\/v2\/pages\/385","targetHints":{"allow":["GET"]}}],"collection":[{"href":"https:\/\/ischler-weltladen.at\/index.php?rest_route=\/wp\/v2\/pages"}],"about":[{"href":"https:\/\/ischler-weltladen.at\/index.php?rest_route=\/wp\/v2\/types\/page"}],"author":[{"embeddable":true,"href":"https:\/\/ischler-weltladen.at\/index.php?rest_route=\/wp\/v2\/users\/2"}],"replies":[{"embeddable":true,"href":"https:\/\/ischler-weltladen.at\/index.php?rest_route=%2Fwp%2Fv2%2Fcomments&post=385"}],"version-history":[{"count":1,"href":"https:\/\/ischler-weltladen.at\/index.php?rest_route=\/wp\/v2\/pages\/385\/revisions"}],"predecessor-version":[{"id":511,"href":"https:\/\/ischler-weltladen.at\/index.php?rest_route=\/wp\/v2\/pages\/385\/revisions\/511"}],"up":[{"embeddable":true,"href":"https:\/\/ischler-weltladen.at\/index.php?rest_route=\/wp\/v2\/pages\/141"}],"wp:attachment":[{"href":"https:\/\/ischler-weltladen.at\/index.php?rest_route=%2Fwp%2Fv2%2Fmedia&parent=385"}],"curies":[{"name":"wp","href":"https:\/\/api.w.org\/{rel}","templated":true}]}}