{"id":366,"date":"2021-05-24T21:55:52","date_gmt":"2021-05-24T21:55:52","guid":{"rendered":"https:\/\/localhost\/wordpress\/?page_id=366"},"modified":"2022-08-23T20:14:55","modified_gmt":"2022-08-23T20:14:55","slug":"textilien","status":"publish","type":"page","link":"https:\/\/ischler-weltladen.at\/?page_id=366","title":{"rendered":"Textilien"},"content":{"rendered":"\n<p class=\"has-text-align-right\"><a href=\"javascript:history.back()\">Zur\u00fcck<\/a><\/p>\n\n\n\n<figure class=\"wp-block-image size-large\"><img decoding=\"async\" src=\"https:\/\/ischler-weltladen.at\/wp-content\/uploads\/2021\/08\/Textilien01-1024x479.jpg\" alt=\"\" class=\"wp-image-790\"\/><\/figure>\n\n\n\n<p>Hemden, Blusen, Kleider.<br><br>Alpakapullover, -handschuhe, Kinderpullover,<br>Ponchos aus Alpaka, alles aus Peru.<br><br>Baby-Traget\u00fccher (Baumwolle).<br><br>T\u00fccher und Schals,<br>Tischt\u00fccher (handgewebt) aus Indien und Nepal.<br><br>Tischl\u00e4ufer und Sets aus Indien, Sarong (Indonesien).<br><br>Bett\u00fcberw\u00fcrfe.<br><br>Verschiedene Teppiche.<br><br>H\u00e4ngematten, H\u00e4ngesessel, Stofftaschen.<\/p>\n\n\n\n<p class=\"has-text-align-right\"><a href=\"javascript:history.back()\">Zur\u00fcck<\/a><\/p>\n","protected":false},"excerpt":{"rendered":"<p>Zur\u00fcck Hemden, Blusen, Kleider. Alpakapullover, -handschuhe, Kinderpullover,Ponchos aus Alpaka, alles aus Peru. Baby-Traget\u00fccher (Baumwolle). T\u00fccher und Schals,Tischt\u00fccher (handgewebt) aus Indien und Nepal. Tischl\u00e4ufer und Sets aus Indien, Sarong (Indonesien). Bett\u00fcberw\u00fcrfe. Verschiedene Teppiche. H\u00e4ngematten, H\u00e4ngesessel, Stofftaschen. Zur\u00fcck<\/p>\n","protected":false},"author":2,"featured_media":0,"parent":140,"menu_order":210,"comment_status":"closed","ping_status":"closed","template":"","meta":{"footnotes":""},"class_list":["post-366","page","type-page","status-publish","hentry"],"_links":{"self":[{"href":"https:\/\/ischler-weltladen.at\/index.php?rest_route=\/wp\/v2\/pages\/366","targetHints":{"allow":["GET"]}}],"collection":[{"href":"https:\/\/ischler-weltladen.at\/index.php?rest_route=\/wp\/v2\/pages"}],"about":[{"href":"https:\/\/ischler-weltladen.at\/index.php?rest_route=\/wp\/v2\/types\/page"}],"author":[{"embeddable":true,"href":"https:\/\/ischler-weltladen.at\/index.php?rest_route=\/wp\/v2\/users\/2"}],"replies":[{"embeddable":true,"href":"https:\/\/ischler-weltladen.at\/index.php?rest_route=%2Fwp%2Fv2%2Fcomments&post=366"}],"version-history":[{"count":1,"href":"https:\/\/ischler-weltladen.at\/index.php?rest_route=\/wp\/v2\/pages\/366\/revisions"}],"predecessor-version":[{"id":501,"href":"https:\/\/ischler-weltladen.at\/index.php?rest_route=\/wp\/v2\/pages\/366\/revisions\/501"}],"up":[{"embeddable":true,"href":"https:\/\/ischler-weltladen.at\/index.php?rest_route=\/wp\/v2\/pages\/140"}],"wp:attachment":[{"href":"https:\/\/ischler-weltladen.at\/index.php?rest_route=%2Fwp%2Fv2%2Fmedia&parent=366"}],"curies":[{"name":"wp","href":"https:\/\/api.w.org\/{rel}","templated":true}]}}