{"id":352,"date":"2021-05-24T21:36:36","date_gmt":"2021-05-24T21:36:36","guid":{"rendered":"https:\/\/localhost\/wordpress\/?page_id=352"},"modified":"2022-08-23T20:04:53","modified_gmt":"2022-08-23T20:04:53","slug":"korbwaren","status":"publish","type":"page","link":"https:\/\/ischler-weltladen.at\/?page_id=352","title":{"rendered":"Korb- und Lederwaren"},"content":{"rendered":"\n<p class=\"has-text-align-right\"><a href=\"javascript:history.back()\">Zur\u00fcck<\/a><\/p>\n\n\n\n<figure class=\"wp-block-image size-large\"><img decoding=\"async\" src=\"https:\/\/ischler-weltladen.at\/wp-content\/uploads\/2021\/08\/Weltladen-Produkte-Korbwaren-1024x341.jpg\" alt=\"\" class=\"wp-image-785\"\/><\/figure>\n\n\n\n<p><br><strong>Korbwaren:<\/strong><br>Einkaufsk\u00f6rbe, Einkaufstaschen, W\u00e4schek\u00f6rbe, Brotk\u00f6rbe, Obstk\u00f6rbe, Ghana-K\u00f6rbe,  Blumenampeln,  Papierk\u00f6rbe, Zeitungsst\u00e4nder, Blumenk\u00f6rbe, Tablett, Blumen\u00fcbert\u00f6pfe (mit und ohne Messingrand), Korbvasen, Untersetzer und Anderes.<\/p>\n\n\n\n<p><strong>Lederwaren:<\/strong><br>Handtaschen, Einkaufstaschen, Rucks\u00e4cke, Geldb\u00f6rsen, Brillenetuis, Schl\u00fcsselanh\u00e4nger, Spardosen, Lederb\u00e4nder und Anderes. <\/p>\n\n\n\n<p class=\"has-text-align-right\"><a href=\"javascript:history.back()\">Zur\u00fcck<\/a><\/p>\n","protected":false},"excerpt":{"rendered":"<p>Zur\u00fcck Korbwaren:Einkaufsk\u00f6rbe, Einkaufstaschen, W\u00e4schek\u00f6rbe, Brotk\u00f6rbe, Obstk\u00f6rbe, Ghana-K\u00f6rbe, Blumenampeln, Papierk\u00f6rbe, Zeitungsst\u00e4nder, Blumenk\u00f6rbe, Tablett, Blumen\u00fcbert\u00f6pfe (mit und ohne Messingrand), Korbvasen, Untersetzer und Anderes. Lederwaren:Handtaschen, Einkaufstaschen, Rucks\u00e4cke, Geldb\u00f6rsen, Brillenetuis, Schl\u00fcsselanh\u00e4nger, Spardosen, Lederb\u00e4nder und Anderes. Zur\u00fcck<\/p>\n","protected":false},"author":2,"featured_media":0,"parent":140,"menu_order":204,"comment_status":"closed","ping_status":"closed","template":"","meta":{"footnotes":""},"class_list":["post-352","page","type-page","status-publish","hentry"],"_links":{"self":[{"href":"https:\/\/ischler-weltladen.at\/index.php?rest_route=\/wp\/v2\/pages\/352","targetHints":{"allow":["GET"]}}],"collection":[{"href":"https:\/\/ischler-weltladen.at\/index.php?rest_route=\/wp\/v2\/pages"}],"about":[{"href":"https:\/\/ischler-weltladen.at\/index.php?rest_route=\/wp\/v2\/types\/page"}],"author":[{"embeddable":true,"href":"https:\/\/ischler-weltladen.at\/index.php?rest_route=\/wp\/v2\/users\/2"}],"replies":[{"embeddable":true,"href":"https:\/\/ischler-weltladen.at\/index.php?rest_route=%2Fwp%2Fv2%2Fcomments&post=352"}],"version-history":[{"count":1,"href":"https:\/\/ischler-weltladen.at\/index.php?rest_route=\/wp\/v2\/pages\/352\/revisions"}],"predecessor-version":[{"id":495,"href":"https:\/\/ischler-weltladen.at\/index.php?rest_route=\/wp\/v2\/pages\/352\/revisions\/495"}],"up":[{"embeddable":true,"href":"https:\/\/ischler-weltladen.at\/index.php?rest_route=\/wp\/v2\/pages\/140"}],"wp:attachment":[{"href":"https:\/\/ischler-weltladen.at\/index.php?rest_route=%2Fwp%2Fv2%2Fmedia&parent=352"}],"curies":[{"name":"wp","href":"https:\/\/api.w.org\/{rel}","templated":true}]}}