{"id":143,"date":"2021-05-18T20:38:42","date_gmt":"2021-05-18T20:38:42","guid":{"rendered":"https:\/\/localhost\/wordpress\/?page_id=90"},"modified":"2022-08-23T20:07:58","modified_gmt":"2022-08-23T20:07:58","slug":"veranstaltungen","status":"publish","type":"page","link":"https:\/\/ischler-weltladen.at\/?page_id=143","title":{"rendered":"Veranstaltungen"},"content":{"rendered":"\n<h4 class=\"has-text-align-center wp-block-heading\">Montag, 20. Juni 2022 19:30 im Pfarrheim Bad Ischl<br><strong><mark style=\"background-color:rgba(0, 0, 0, 0)\" class=\"has-inline-color has-medium-pink-color\">Bildung \u00fcberwindet Armut<\/mark><\/strong><br><em>Vortrag von P. Noel Maddhichetty, Indien.<\/em><\/h4>\n\n\n\n<figure class=\"wp-block-image size-large\"><img loading=\"lazy\" decoding=\"async\" width=\"1024\" height=\"725\" src=\"https:\/\/ischler-weltladen.at\/wp-content\/uploads\/2022\/06\/Kind_in_Vijayawada_m-1024x725.jpg\" alt=\"Kind_in_Vijayawada\" class=\"wp-image-709\" srcset=\"https:\/\/ischler-weltladen.at\/wp-content\/uploads\/2022\/06\/Kind_in_Vijayawada_m-1024x725.jpg 1024w, https:\/\/ischler-weltladen.at\/wp-content\/uploads\/2022\/06\/Kind_in_Vijayawada_m-300x212.jpg 300w, https:\/\/ischler-weltladen.at\/wp-content\/uploads\/2022\/06\/Kind_in_Vijayawada_m-768x544.jpg 768w, https:\/\/ischler-weltladen.at\/wp-content\/uploads\/2022\/06\/Kind_in_Vijayawada_m.jpg 1250w\" sizes=\"auto, (max-width: 1024px) 100vw, 1024px\" \/><figcaption>Kind_in_Vijayawada<\/figcaption><\/figure>\n\n\n\n<div class=\"wp-block-media-text alignwide is-stacked-on-mobile\" style=\"grid-template-columns:21% auto\"><figure class=\"wp-block-media-text__media\"><img loading=\"lazy\" decoding=\"async\" width=\"450\" height=\"600\" src=\"https:\/\/ischler-weltladen.at\/wp-content\/uploads\/2022\/06\/P_Noel_Portrait_klein.jpg\" alt=\"P. Noel Maddhichetty\" class=\"wp-image-710 size-full\" srcset=\"https:\/\/ischler-weltladen.at\/wp-content\/uploads\/2022\/06\/P_Noel_Portrait_klein.jpg 450w, https:\/\/ischler-weltladen.at\/wp-content\/uploads\/2022\/06\/P_Noel_Portrait_klein-225x300.jpg 225w\" sizes=\"auto, (max-width: 450px) 100vw, 450px\" \/><\/figure><div class=\"wp-block-media-text__content\">\n<p>P. Noel ist Direktor des &#8222;Bosco Net&#8220;, der in New Delhi ans\u00e4ssigen Koordinationstelle f\u00fcr s\u00e4mtliche Hilfsprogramme der Salesianer Don Boscos in ganz S\u00fcdasien. Er spricht gut Deutsch und bewegt mit seinen Vortr\u00e4gen \u00fcber die Lebenssituation der Stra\u00dfenkinder in Indien seine Zuh\u00f6rerschaft jedes Mal aufs Neue.<\/p>\n<\/div><\/div>\n\n\n\n<p><em>Freier Eintritt &#8211; Wir bitten um freiwillige Spenden<\/em><\/p>\n","protected":false},"excerpt":{"rendered":"<p>Montag, 20. Juni 2022 19:30 im Pfarrheim Bad IschlBildung \u00fcberwindet ArmutVortrag von P. Noel Maddhichetty, Indien. P. Noel ist Direktor des &#8222;Bosco Net&#8220;, der in New Delhi ans\u00e4ssigen Koordinationstelle f\u00fcr s\u00e4mtliche Hilfsprogramme der Salesianer Don Boscos in ganz S\u00fcdasien. Er spricht gut Deutsch und bewegt mit seinen Vortr\u00e4gen \u00fcber die Lebenssituation der Stra\u00dfenkinder in Indien &hellip; <a href=\"https:\/\/ischler-weltladen.at\/?page_id=143\" class=\"more-link\"><span class=\"screen-reader-text\">Veranstaltungen<\/span> weiterlesen<\/a><\/p>\n","protected":false},"author":2,"featured_media":0,"parent":136,"menu_order":100,"comment_status":"closed","ping_status":"closed","template":"","meta":{"footnotes":""},"class_list":["post-143","page","type-page","status-publish","hentry"],"_links":{"self":[{"href":"https:\/\/ischler-weltladen.at\/index.php?rest_route=\/wp\/v2\/pages\/143","targetHints":{"allow":["GET"]}}],"collection":[{"href":"https:\/\/ischler-weltladen.at\/index.php?rest_route=\/wp\/v2\/pages"}],"about":[{"href":"https:\/\/ischler-weltladen.at\/index.php?rest_route=\/wp\/v2\/types\/page"}],"author":[{"embeddable":true,"href":"https:\/\/ischler-weltladen.at\/index.php?rest_route=\/wp\/v2\/users\/2"}],"replies":[{"embeddable":true,"href":"https:\/\/ischler-weltladen.at\/index.php?rest_route=%2Fwp%2Fv2%2Fcomments&post=143"}],"version-history":[{"count":10,"href":"https:\/\/ischler-weltladen.at\/index.php?rest_route=\/wp\/v2\/pages\/143\/revisions"}],"predecessor-version":[{"id":724,"href":"https:\/\/ischler-weltladen.at\/index.php?rest_route=\/wp\/v2\/pages\/143\/revisions\/724"}],"up":[{"embeddable":true,"href":"https:\/\/ischler-weltladen.at\/index.php?rest_route=\/wp\/v2\/pages\/136"}],"wp:attachment":[{"href":"https:\/\/ischler-weltladen.at\/index.php?rest_route=%2Fwp%2Fv2%2Fmedia&parent=143"}],"curies":[{"name":"wp","href":"https:\/\/api.w.org\/{rel}","templated":true}]}}