{"id":139,"date":"2021-05-18T17:36:11","date_gmt":"2021-05-18T17:36:11","guid":{"rendered":"https:\/\/localhost\/wordpress\/?page_id=41"},"modified":"2025-01-29T11:31:30","modified_gmt":"2025-01-29T11:31:30","slug":"das-team","status":"publish","type":"page","link":"https:\/\/ischler-weltladen.at\/?page_id=139","title":{"rendered":"Das Team"},"content":{"rendered":"\n<div class=\"wp-block-columns is-layout-flex wp-container-core-columns-is-layout-9d6595d7 wp-block-columns-is-layout-flex\">\n<div class=\"wp-block-column is-layout-flow wp-block-column-is-layout-flow\">\n<div class=\"wp-block-media-text alignwide is-stacked-on-mobile\" style=\"grid-template-columns:33% auto\"><figure class=\"wp-block-media-text__media\"><img decoding=\"async\" src=\"https:\/\/ischler-weltladen.at\/wp-content\/uploads\/2021\/08\/Team-Weltladen-LoidlKlara.jpg\" alt=\"\" class=\"wp-image-40 size-full\"\/><\/figure><div class=\"wp-block-media-text__content\">\n<p>Loidl Klara<br>Obfrau<br>Ladendienst<\/p>\n<\/div><\/div>\n\n\n\n<div class=\"wp-block-media-text alignwide is-stacked-on-mobile\" style=\"grid-template-columns:33% auto\"><figure class=\"wp-block-media-text__media\"><img decoding=\"async\" src=\"https:\/\/ischler-weltladen.at\/wp-content\/uploads\/2021\/08\/Team-Weltladen-TraischRainer.jpg\" alt=\"\" class=\"wp-image-54 size-full\"\/><\/figure><div class=\"wp-block-media-text__content\">\n<p>Traisch Rainer<br>Obfrau Stellvertreter<br>Gesch\u00e4ftsf\u00fchrer<\/p>\n<\/div><\/div>\n\n\n\n<div class=\"wp-block-media-text alignwide is-stacked-on-mobile\" style=\"grid-template-columns:33% auto\"><figure class=\"wp-block-media-text__media\"><img decoding=\"async\" src=\"https:\/\/ischler-weltladen.at\/wp-content\/uploads\/2021\/08\/Team-Weltladen-StrubreiterUlli.jpg\" alt=\"\" class=\"wp-image-52 size-full\"\/><\/figure><div class=\"wp-block-media-text__content\">\n<p>Strubreiter Ulli<br>Schriftf\u00fchrerin<\/p>\n<\/div><\/div>\n\n\n\n<div class=\"wp-block-media-text alignwide is-stacked-on-mobile\" style=\"grid-template-columns:33% auto\"><figure class=\"wp-block-media-text__media\"><img decoding=\"async\" src=\"https:\/\/ischler-weltladen.at\/wp-content\/uploads\/2021\/08\/Team-Weltladen-KeinFoto.jpg\" alt=\"\" class=\"wp-image-38 size-full\"\/><\/figure><div class=\"wp-block-media-text__content\">\n<p>Autengruber-Putz Ursula<br>Ladendienst<\/p>\n<\/div><\/div>\n\n\n\n<div class=\"wp-block-media-text alignwide is-stacked-on-mobile\" style=\"grid-template-columns:33% auto\"><figure class=\"wp-block-media-text__media\"><img decoding=\"async\" src=\"https:\/\/ischler-weltladen.at\/wp-content\/uploads\/2021\/08\/Team-Weltladen-KeinFoto.jpg\" alt=\"\" class=\"wp-image-38 size-full\"\/><\/figure><div class=\"wp-block-media-text__content\">\n<p>Buchacher Maria<br>Ladendienst<\/p>\n<\/div><\/div>\n\n\n\n<div class=\"wp-block-media-text alignwide is-stacked-on-mobile\" style=\"grid-template-columns:34% auto\"><figure class=\"wp-block-media-text__media\"><img decoding=\"async\" src=\"https:\/\/ischler-weltladen.at\/wp-content\/uploads\/2021\/08\/Team-Weltladen-GensbichlerPoeschkoUrsula.jpg\" alt=\"\" class=\"wp-image-35 size-full\"\/><\/figure><div class=\"wp-block-media-text__content\">\n<p>Gensbichler-P\u00f6schko Ursula<br>Ladendienst<\/p>\n<\/div><\/div>\n\n\n\n<div class=\"wp-block-media-text alignwide is-stacked-on-mobile\" style=\"grid-template-columns:33% auto\"><figure class=\"wp-block-media-text__media\"><img decoding=\"async\" src=\"https:\/\/ischler-weltladen.at\/wp-content\/uploads\/2021\/08\/Team-Weltladen-GroeplbauerEva.jpg\" alt=\"\" class=\"wp-image-36 size-full\"\/><\/figure><div class=\"wp-block-media-text__content\">\n<p>Gr\u00f6plbauer Eva<br>Ladendienst<br>Dienstplangestaltung<\/p>\n<\/div><\/div>\n\n\n\n<div class=\"wp-block-media-text alignwide is-stacked-on-mobile\" style=\"grid-template-columns:33% auto\"><figure class=\"wp-block-media-text__media\"><img decoding=\"async\" src=\"https:\/\/ischler-weltladen.at\/wp-content\/uploads\/2021\/11\/Team-Weltladen-HohenederTrixi.jpg\" alt=\"Hoheneder Trixi\" class=\"wp-image-582 size-full\"\/><\/figure><div class=\"wp-block-media-text__content\">\n<p>Hoheneder Trixi<br>Ladendienst<\/p>\n<\/div><\/div>\n\n\n\n<div class=\"wp-block-media-text alignwide is-stacked-on-mobile\" style=\"grid-template-columns:33% auto\"><figure class=\"wp-block-media-text__media\"><img decoding=\"async\" src=\"https:\/\/ischler-weltladen.at\/wp-content\/uploads\/2021\/08\/Team-Weltladen-HuemerHilde.jpg\" alt=\"\" class=\"wp-image-37 size-full\"\/><\/figure><div class=\"wp-block-media-text__content\">\n<p>Huemer Hilde<br>Ladendienst<\/p>\n<\/div><\/div>\n\n\n\n<div class=\"wp-block-media-text alignwide is-stacked-on-mobile\" style=\"grid-template-columns:33% auto\"><figure class=\"wp-block-media-text__media\"><img decoding=\"async\" src=\"https:\/\/ischler-weltladen.at\/wp-content\/uploads\/2021\/08\/Team-Weltladen-LettnerGenoveva.jpg\" alt=\"\" class=\"wp-image-39 size-full\"\/><\/figure><div class=\"wp-block-media-text__content\">\n<p>Lettner Genoveva<br>Ladendienst<\/p>\n<\/div><\/div>\n\n\n\n<div class=\"wp-block-media-text alignwide is-stacked-on-mobile\" style=\"grid-template-columns:33% auto\"><figure class=\"wp-block-media-text__media\"><img decoding=\"async\" src=\"https:\/\/ischler-weltladen.at\/wp-content\/uploads\/2021\/08\/Team-Weltladen-MolnarTheresia.jpg\" alt=\"\" class=\"wp-image-41 size-full\"\/><\/figure><div class=\"wp-block-media-text__content\">\n<p>Molnar Theresia<br>Ladendienst<\/p>\n<\/div><\/div>\n<\/div>\n\n\n\n<div class=\"wp-block-column is-layout-flow wp-block-column-is-layout-flow\">\n<div class=\"wp-block-media-text alignwide is-stacked-on-mobile\" style=\"grid-template-columns:33% auto\"><figure class=\"wp-block-media-text__media\"><img decoding=\"async\" src=\"https:\/\/ischler-weltladen.at\/wp-content\/uploads\/2021\/08\/Team-Weltladen-PanhuberAnni.jpg\" alt=\"\" class=\"wp-image-42 size-full\"\/><\/figure><div class=\"wp-block-media-text__content\">\n<p>Panhuber Anni<br>Ladendienst<\/p>\n<\/div><\/div>\n\n\n\n<div class=\"wp-block-media-text alignwide is-stacked-on-mobile\" style=\"grid-template-columns:33% auto\"><figure class=\"wp-block-media-text__media\"><img decoding=\"async\" src=\"https:\/\/ischler-weltladen.at\/wp-content\/uploads\/2021\/08\/Team-Weltladen-PutzElfriede.jpg\" alt=\"\" class=\"wp-image-43 size-full\"\/><\/figure><div class=\"wp-block-media-text__content\">\n<p>Putz Elfriede<br>Ladendienst<\/p>\n<\/div><\/div>\n\n\n\n<div class=\"wp-block-media-text alignwide is-stacked-on-mobile\" style=\"grid-template-columns:33% auto\"><figure class=\"wp-block-media-text__media\"><img decoding=\"async\" src=\"https:\/\/ischler-weltladen.at\/wp-content\/uploads\/2021\/08\/Team-Weltladen-ReisenbichlerHelga.jpg\" alt=\"\" class=\"wp-image-44 size-full\"\/><\/figure><div class=\"wp-block-media-text__content\">\n<p>Reisenbichler Helga<br>Ladendienst<\/p>\n<\/div><\/div>\n\n\n\n<div class=\"wp-block-media-text alignwide is-stacked-on-mobile\" style=\"grid-template-columns:33% auto\"><figure class=\"wp-block-media-text__media\"><img decoding=\"async\" src=\"https:\/\/ischler-weltladen.at\/wp-content\/uploads\/2021\/08\/Team-Weltladen-SchartnerElena.jpg\" alt=\"\" class=\"wp-image-46 size-full\"\/><\/figure><div class=\"wp-block-media-text__content\">\n<p>Schartner Elena<br>Ladendienst<\/p>\n<\/div><\/div>\n\n\n\n<div class=\"wp-block-media-text alignwide is-stacked-on-mobile\" style=\"grid-template-columns:33% auto\"><figure class=\"wp-block-media-text__media\"><img decoding=\"async\" src=\"https:\/\/ischler-weltladen.at\/wp-content\/uploads\/2021\/08\/Team-Weltladen-SchikoraWaltraud.jpg\" alt=\"\" class=\"wp-image-47 size-full\"\/><\/figure><div class=\"wp-block-media-text__content\">\n<p>Schikora Waltraud<br>Ladendienst<\/p>\n<\/div><\/div>\n\n\n\n<div class=\"wp-block-media-text alignwide is-stacked-on-mobile\" style=\"grid-template-columns:33% auto\"><figure class=\"wp-block-media-text__media\"><img loading=\"lazy\" decoding=\"async\" width=\"128\" height=\"128\" src=\"https:\/\/ischler-weltladen.at\/wp-content\/uploads\/2021\/08\/Team-Weltladen-KeinFoto.jpg\" alt=\"\" class=\"wp-image-47 size-full\"\/><\/figure><div class=\"wp-block-media-text__content\">\n<p>Schwarz-Poszvek Brigitte<br>Ladendienst<\/p>\n<\/div><\/div>\n\n\n\n<div class=\"wp-block-media-text alignwide is-stacked-on-mobile\" style=\"grid-template-columns:33% auto\"><figure class=\"wp-block-media-text__media\"><img decoding=\"async\" src=\"https:\/\/ischler-weltladen.at\/wp-content\/uploads\/2021\/08\/Team-Weltladen-SedmakRuth.jpg\" alt=\"\" class=\"wp-image-49 size-full\"\/><\/figure><div class=\"wp-block-media-text__content\">\n<p>Sedmak Ruth<br>Ladendienst<\/p>\n<\/div><\/div>\n\n\n\n<div class=\"wp-block-media-text alignwide is-stacked-on-mobile\" style=\"grid-template-columns:33% auto\"><figure class=\"wp-block-media-text__media\"><img decoding=\"async\" src=\"https:\/\/ischler-weltladen.at\/wp-content\/uploads\/2021\/08\/Team-Weltladen-StrasserVeronika.jpg\" alt=\"\" class=\"wp-image-51 size-full\"\/><\/figure><div class=\"wp-block-media-text__content\">\n<p>Strasser Veronika<br>Ladendienst<\/p>\n<\/div><\/div>\n\n\n\n<div class=\"wp-block-media-text alignwide is-stacked-on-mobile\" style=\"grid-template-columns:33% auto\"><figure class=\"wp-block-media-text__media\"><img decoding=\"async\" src=\"https:\/\/ischler-weltladen.at\/wp-content\/uploads\/2021\/08\/Team-Weltladen-Teuffenbach_Christian.jpg\" alt=\"\" class=\"wp-image-553 size-full\"\/><\/figure><div class=\"wp-block-media-text__content\">\n<p>Teuffenbach Christian<br>Ladendienst<\/p>\n<\/div><\/div>\n\n\n\n<div class=\"wp-block-media-text alignwide is-stacked-on-mobile\" style=\"grid-template-columns:33% auto\"><figure class=\"wp-block-media-text__media\"><img decoding=\"async\" src=\"https:\/\/ischler-weltladen.at\/wp-content\/uploads\/2021\/08\/Team-Weltladen-WiesauerMonika.jpg\" alt=\"\" class=\"wp-image-55 size-full\"\/><\/figure><div class=\"wp-block-media-text__content\">\n<p>Wiesauer Monika<br>Ladendienst<\/p>\n<\/div><\/div>\n\n\n\n<div class=\"wp-block-media-text alignwide is-stacked-on-mobile\" style=\"grid-template-columns:33% auto\"><figure class=\"wp-block-media-text__media\"><img decoding=\"async\" src=\"https:\/\/ischler-weltladen.at\/wp-content\/uploads\/2021\/08\/Team-Weltladen-WimmerRosi.jpg\" alt=\"\" class=\"wp-image-56 size-full\"\/><\/figure><div class=\"wp-block-media-text__content\">\n<p>Wimmer Rosi<br>Ladendienst<\/p>\n<\/div><\/div>\n<\/div>\n<\/div>\n","protected":false},"excerpt":{"rendered":"<p>Loidl KlaraObfrauLadendienst Traisch RainerObfrau StellvertreterGesch\u00e4ftsf\u00fchrer Strubreiter UlliSchriftf\u00fchrerin Autengruber-Putz UrsulaLadendienst Buchacher MariaLadendienst Gensbichler-P\u00f6schko UrsulaLadendienst Gr\u00f6plbauer EvaLadendienstDienstplangestaltung Hoheneder TrixiLadendienst Huemer HildeLadendienst Lettner GenovevaLadendienst Molnar TheresiaLadendienst Panhuber AnniLadendienst Putz ElfriedeLadendienst Reisenbichler HelgaLadendienst Schartner ElenaLadendienst Schikora WaltraudLadendienst Schwarz-Poszvek BrigitteLadendienst Sedmak RuthLadendienst Strasser VeronikaLadendienst Teuffenbach ChristianLadendienst Wiesauer MonikaLadendienst Wimmer RosiLadendienst<\/p>\n","protected":false},"author":2,"featured_media":0,"parent":138,"menu_order":43,"comment_status":"closed","ping_status":"closed","template":"","meta":{"footnotes":""},"class_list":["post-139","page","type-page","status-publish","hentry"],"_links":{"self":[{"href":"https:\/\/ischler-weltladen.at\/index.php?rest_route=\/wp\/v2\/pages\/139","targetHints":{"allow":["GET"]}}],"collection":[{"href":"https:\/\/ischler-weltladen.at\/index.php?rest_route=\/wp\/v2\/pages"}],"about":[{"href":"https:\/\/ischler-weltladen.at\/index.php?rest_route=\/wp\/v2\/types\/page"}],"author":[{"embeddable":true,"href":"https:\/\/ischler-weltladen.at\/index.php?rest_route=\/wp\/v2\/users\/2"}],"replies":[{"embeddable":true,"href":"https:\/\/ischler-weltladen.at\/index.php?rest_route=%2Fwp%2Fv2%2Fcomments&post=139"}],"version-history":[{"count":7,"href":"https:\/\/ischler-weltladen.at\/index.php?rest_route=\/wp\/v2\/pages\/139\/revisions"}],"predecessor-version":[{"id":788,"href":"https:\/\/ischler-weltladen.at\/index.php?rest_route=\/wp\/v2\/pages\/139\/revisions\/788"}],"up":[{"embeddable":true,"href":"https:\/\/ischler-weltladen.at\/index.php?rest_route=\/wp\/v2\/pages\/138"}],"wp:attachment":[{"href":"https:\/\/ischler-weltladen.at\/index.php?rest_route=%2Fwp%2Fv2%2Fmedia&parent=139"}],"curies":[{"name":"wp","href":"https:\/\/api.w.org\/{rel}","templated":true}]}}