{"id":138,"date":"2021-05-18T17:35:40","date_gmt":"2021-05-18T17:35:40","guid":{"rendered":"https:\/\/localhost\/wordpress\/?page_id=39"},"modified":"2022-08-23T20:06:38","modified_gmt":"2022-08-23T20:06:38","slug":"der-verein","status":"publish","type":"page","link":"https:\/\/ischler-weltladen.at\/?page_id=138","title":{"rendered":"Der Verein"},"content":{"rendered":"\n<p>Der Verein \u201eDirekthilfe Weltweit &#8211; Bad Ischl\u201c als Tr\u00e4ger des Gesch\u00e4ftes hat sich 1992 konstituiert, um eine demokratische F\u00fchrung zu gew\u00e4hrleisten, welche in den Statuten ihren Niederschlag findet. In diesen ist der Vereinszweck folgenderma\u00dfen definiert:<br><br>\u201eDer Verein, dessen T\u00e4tigkeit nicht auf Gewinn ausgerichtet ist, bezweckt die F\u00f6rderung von Projekten und Einrichtungen, die in den L\u00e4ndern des Globalen S\u00fcdens einer Neuentwicklung der Lebens-, Produktions- und Handelsbeziehungen der Menschen dienen.<br><br>Weiters die Vermarktung von Produkten aus Genossenschaften und Selbsthilfegruppen, vornehmlich aus L\u00e4ndern des Globalen S\u00fcdens, zu unterst\u00fctzen und den \u00f6sterreichischen Konsumenten anhand dieser Artikel produkt- und projektbezogene Informationen anzubieten.<br><br>Weiters sollen Anregungen zu einer bewussten Reflexion der eigenen Lebensweise und der gesellschaftlichen Situation in Bezug auf die &#8217;sogenannte Dritte Welt&#8216; gegeben werden.\u201c<\/p>\n\n\n\n<p class=\"has-text-align-center\"><strong><span style=\"color:#663333\" class=\"has-inline-color\">Interesse am fairen Handel? <\/span><\/strong><br><strong><span style=\"color:#663333\" class=\"has-inline-color\">Ehrenamtliche Mitarbeiter sind jederzeit willkommen. <\/span><\/strong><br><strong><span style=\"color:#663333\" class=\"has-inline-color\"><a href=\"https:\/\/ischler-weltladen.at\/?page_id=462\" data-type=\"URL\" data-id=\"https:\/\/ischler-weltladen.at\/?page_id=462\">Bitte melden Sie sich hier.<\/a><\/span><\/strong><\/p>\n\n\n\n<p class=\"has-text-color has-medium-font-size\" style=\"color:#663333\"><strong>Als Vereinsvorstand sind derzeit gew\u00e4hlt:<\/strong><\/p>\n\n\n\n<p>Obfrau: Klara Loidl<br>Stellvertreter: Rainer Traisch<br><br>Schriftf\u00fchrerin: Ulrike Strubreiter<br>Stellvertreterin: Ruth Sedmak<br><br>Kassierin: Ursula Gensbichler-P\u00f6schko<br>Stellvertreterin: Waltraud Schikora<br><br>Rechnungspr\u00fcferinnen: Erich Emhofer, Apollonia Schiffer<br><br>Computerbeauftrager: Christian Teuffenbach<\/p>\n\n\n\n<p class=\"has-text-color has-medium-font-size\" style=\"color:#663333\"><br><strong>Vereinsgeschichte:<\/strong><\/p>\n\n\n\n<p>Mit einer Jugendstunde der Katholischen Jugend Bad Ischl im Jahr 1983 nahm<br>alles seinen Anfang. Franz und Christine Klausecker wollten nicht beim Reden \u00fcber die Armut in sogenannten \u201eDritte Welt Staaten\u201c bleiben, sie wollten etwas tun.<br><br>Kurzerhand wurde bei der\u00a0<a rel=\"noreferrer noopener\" href=\"https:\/\/www.eza.cc\/eza-unser-auftrag\" target=\"_blank\"><strong>EZA\u00a0<\/strong><\/a>(=Entwicklungszusammenarbeit GesmbH),<br>die damals schon jahrelang mit Produzenten in der \u201eDritten Welt\u201c zusammenarbeitete, eingekauft. Diese Lebensmittel und Handwerksprodukte wurden jeden ersten Sonntag im Monat vor der Stadtpfarrkirche verkauft. Bald konnten sich Freunde und Bekannte auch f\u00fcr diese Idee begeistern. Mit den ersten Verkaufserl\u00f6sen unterst\u00fctzten wir das Studium eines M\u00e4dchen auf den Philippinen, Maria Payong. Ab 1985 folgte dann zweimal j\u00e4hrlich ein Bazar im Pfarrheim. <br><br>Die Akzeptanz unseres Tuns spornte uns an, nach einem Gesch\u00e4ftslokal Umschau zu halten, was 1992 Erfolg hatte. Frau Maresch aus Bad Goisern bot uns in der Wirerquellgasse 6 ein solches an, was zur Gr\u00fcndung des Vereins Direkthilfe Welt Drei als rechtlichem Tr\u00e4ger des Gesch\u00e4ftes f\u00fchrte. Die Er\u00f6ffnung folgte am 06.November 1992. Durch die Mithilfe ehrenamtlicher Mitarbeiterinnen und Mitarbeiter konnten wir damals schon die heutigen \u00d6ffnungszeiten anbieten.<br><a rel=\"noreferrer noopener\" href=\"https:\/\/ischler-weltladen.at\/wp-content\/uploads\/2021\/08\/Ischler-Weltladen-Plakat-Eroeffnung-1992.pdf\" target=\"_blank\"><em>Plakat zur Er\u00f6ffnung des Ischler Weltladens in der Wirerquellgasse 1992<\/em><\/a><\/p>\n\n\n\n<p>Mit der Aufl\u00f6sung der Buchhandlung Neugebauer bot uns die Pfarre Bad Ischl ein halbes Jahr sp\u00e4ter unser heutiges Gesch\u00e4ftslokal an, was wir mit Freude annahmen. Seit der Neuer\u00f6ffnung in der Kaiser-Franz-Josef Stra\u00dfe 1 am 03.Juli 1993 haben sich viele ehrenamtliche Mitarbeiterinnen in unz\u00e4hligen Stunden der Geschicke des Ladens angenommen.<br><a rel=\"noreferrer noopener\" href=\"https:\/\/ischler-weltladen.at\/wp-content\/uploads\/2021\/08\/Ischler-Weltladen-Einladung-Eroeffnung-1993.pdf\" target=\"_blank\"><em>Einladung zur Er\u00f6ffnung des Ischler Weltladens in der Kaiser-Franz-Josef-Stra\u00dfe 1993<\/em><\/a><br><br>Au\u00dferhalb der F\u00fchrung des Gesch\u00e4ftes haben wir viele Informations- aber auch Musikveranstaltungen durchgef\u00fchrt. Bei unseren Veranstaltungen hatten wir u.a.Dolores Bauer, Leo Gabriel, Dorothee S\u00f6lle, Ernesto Cardenal, Bischof Alois Wagner, die Patres Franz Windischhofer, Alfred Spie\u00dfberger, Hubert Leeb und noch viele andere zu Gast. Lieferanten des Ladens haben uns ihre Produkte n\u00e4hergebracht und \u00fcber die Menschen, die sie herstellen, berichtet.<br>Der Sonntag der Weltkirche war stets auch ein wichtiger Anlass des Jahres, unsere Verbundenheit mit den Menschen der Dritten Welt in einer Messe zum Ausdruck zu bringen. Dabei f\u00fchrten wir 3 mal die Missa Criolla und 2 mal die Missa Luba auf.<br>Last but not least sind es nicht die gro\u00dfen Dinge, die plakativ den Erfolg eines Vereines zeigen, sondern die vielen kleinen und gro\u00dfen Bausteine jedes einzelnen Mitarbeiters, welche im Gesamtbild auch heute noch einen Verein zeigen, der Menschen einl\u00e4dt, nicht nur \u00fcber die Armut im S\u00fcden zu reden, sondern etwas zu tun.<br><br>Das bisher gr\u00f6\u00dfte von uns finanzierte Projekt war ab 2006 die Errichtung einer Augenklinik in Soddo, Bezirk Wolayta, in \u00c4thiopien, gemeinsam mit dem Know-how von der Organisation \u201eLicht f\u00fcr die Welt\u201c. Die Klinik ist seit 2009 in Betrieb und hat ein Einzugsgebiet von ca. 2,3 Millionen Einwohnern. Es werden dort seitdem pro Jahr ca. 1000 Menschen am Grauen Star operiert, ca. 300 Lidoperationen bei Trachom durchgef\u00fchrt und ca. 12000 bis 15000 Menschen untersucht und behandelt.<br><br>Klara Loidl ist seit Juni 2016 die neue Obfrau unseres Vereins.<br><br>Der Ischler Weltladen war einer der ersten Klimab\u00fcndnisbetriebe. 2020 erfolgte eine erneute \u00dcberpr\u00fcfung und wir d\u00fcrfen uns wieder \u00fcber diese Auszeichnung freuen.<\/p>\n\n\n\n<figure class=\"wp-block-image size-large\"><img decoding=\"async\" src=\"https:\/\/ischler-weltladen.at\/wp-content\/uploads\/2021\/08\/Ehrenzeichen_Soziales_Engagement_\u00a9_Lenzenweger0016.jpg\" alt=\"\"\/><figcaption><em>\u00dcberreichung des Ehrenzeichens der Stadtgemeinde Bad Ischl &#8211; \u00a9 Lenzenweger<\/em><\/figcaption><\/figure>\n\n\n\n<p>Am 12. M\u00e4rz 2018 bekamen wir in feierlichem Rahmen das Ehrenzeichen f\u00fcr Soziales Engagement der Stadtgemeinde Bad Ischl \u00fcberreicht.<\/p>\n\n\n\n<p>Im Jahr 2021 wurde der Vereinsname auf \u201eDirekthilfe Weltweit &#8211; Bad Ischl\u201c ge\u00e4ndert, um den nicht mehr gebr\u00e4uchlichen Begriff der \u201eDritten Welt\u201c aus dem Vereinsnamen zu entfernen.<\/p>\n\n\n\n<p class=\"has-text-align-center\">\u201e<strong>Wenn viele kleine Leute<\/strong><br><strong>an vielen kleinen Orten<\/strong><br><strong>viele kleine Dinge tun,<\/strong><br><strong>k\u00f6nnen sie das Gesicht der Welt ver\u00e4ndern\u201c<\/strong><br>(afrikanisches Sprichwort).<\/p>\n","protected":false},"excerpt":{"rendered":"<p>Der Verein \u201eDirekthilfe Weltweit &#8211; Bad Ischl\u201c als Tr\u00e4ger des Gesch\u00e4ftes hat sich 1992 konstituiert, um eine demokratische F\u00fchrung zu gew\u00e4hrleisten, welche in den Statuten ihren Niederschlag findet. In diesen ist der Vereinszweck folgenderma\u00dfen definiert: \u201eDer Verein, dessen T\u00e4tigkeit nicht auf Gewinn ausgerichtet ist, bezweckt die F\u00f6rderung von Projekten und Einrichtungen, die in den L\u00e4ndern &hellip; <a href=\"https:\/\/ischler-weltladen.at\/?page_id=138\" class=\"more-link\"><span class=\"screen-reader-text\">Der Verein<\/span> weiterlesen<\/a><\/p>\n","protected":false},"author":2,"featured_media":0,"parent":136,"menu_order":40,"comment_status":"closed","ping_status":"closed","template":"","meta":{"footnotes":""},"class_list":["post-138","page","type-page","status-publish","hentry"],"_links":{"self":[{"href":"https:\/\/ischler-weltladen.at\/index.php?rest_route=\/wp\/v2\/pages\/138","targetHints":{"allow":["GET"]}}],"collection":[{"href":"https:\/\/ischler-weltladen.at\/index.php?rest_route=\/wp\/v2\/pages"}],"about":[{"href":"https:\/\/ischler-weltladen.at\/index.php?rest_route=\/wp\/v2\/types\/page"}],"author":[{"embeddable":true,"href":"https:\/\/ischler-weltladen.at\/index.php?rest_route=\/wp\/v2\/users\/2"}],"replies":[{"embeddable":true,"href":"https:\/\/ischler-weltladen.at\/index.php?rest_route=%2Fwp%2Fv2%2Fcomments&post=138"}],"version-history":[{"count":13,"href":"https:\/\/ischler-weltladen.at\/index.php?rest_route=\/wp\/v2\/pages\/138\/revisions"}],"predecessor-version":[{"id":664,"href":"https:\/\/ischler-weltladen.at\/index.php?rest_route=\/wp\/v2\/pages\/138\/revisions\/664"}],"up":[{"embeddable":true,"href":"https:\/\/ischler-weltladen.at\/index.php?rest_route=\/wp\/v2\/pages\/136"}],"wp:attachment":[{"href":"https:\/\/ischler-weltladen.at\/index.php?rest_route=%2Fwp%2Fv2%2Fmedia&parent=138"}],"curies":[{"name":"wp","href":"https:\/\/api.w.org\/{rel}","templated":true}]}}